{"id":2692,"date":"2024-05-28T07:53:31","date_gmt":"2024-05-28T05:53:31","guid":{"rendered":"https:\/\/ahw-wiesloch.de\/ahw\/2022\/?page_id=2692"},"modified":"2026-01-07T11:50:07","modified_gmt":"2026-01-07T10:50:07","slug":"kontakt","status":"publish","type":"page","link":"https:\/\/ahw-wiesloch.de\/ahw\/2022\/kontakt\/","title":{"rendered":"kontakt"},"content":{"rendered":"\t\t<div data-elementor-type=\"wp-page\" data-elementor-id=\"2692\" class=\"elementor elementor-2692\" data-elementor-post-type=\"page\">\n\t\t\t\t\t\t<section class=\"elementor-section elementor-top-section elementor-element elementor-element-e653422 elementor-section-full_width elementor-section-stretched elementor-section-height-default elementor-section-height-default\" data-id=\"e653422\" data-element_type=\"section\" data-settings=\"{&quot;stretch_section&quot;:&quot;section-stretched&quot;}\">\n\t\t\t\t\t\t<div class=\"elementor-container elementor-column-gap-default\">\n\t\t\t\t\t<div class=\"elementor-column elementor-col-100 elementor-top-column elementor-element elementor-element-4ad530b\" data-id=\"4ad530b\" data-element_type=\"column\" data-settings=\"{&quot;background_background&quot;:&quot;classic&quot;}\">\n\t\t\t<div class=\"elementor-widget-wrap elementor-element-populated\">\n\t\t\t\t\t\t<div class=\"elementor-element elementor-element-7660d21 elementor-widget elementor-widget-shortcode\" data-id=\"7660d21\" data-element_type=\"widget\" data-widget_type=\"shortcode.default\">\n\t\t\t\t<div class=\"elementor-widget-container\">\n\t\t\t\t\t\t\t<div class=\"elementor-shortcode\"><a id=\"abwasser\"><\/a><\/div>\n\t\t\t\t\t\t<\/div>\n\t\t\t\t<\/div>\n\t\t\t\t<div class=\"elementor-element elementor-element-c41f044 elementor-widget elementor-widget-spacer\" data-id=\"c41f044\" data-element_type=\"widget\" data-widget_type=\"spacer.default\">\n\t\t\t\t<div class=\"elementor-widget-container\">\n\t\t\t\t\t\t\t<div class=\"elementor-spacer\">\n\t\t\t<div class=\"elementor-spacer-inner\"><\/div>\n\t\t<\/div>\n\t\t\t\t\t\t<\/div>\n\t\t\t\t<\/div>\n\t\t\t\t\t<\/div>\n\t\t<\/div>\n\t\t\t\t\t<\/div>\n\t\t<\/section>\n\t\t\t\t<section class=\"elementor-section elementor-top-section elementor-element elementor-element-45e3f48 elementor-section-boxed elementor-section-height-default elementor-section-height-default\" data-id=\"45e3f48\" data-element_type=\"section\">\n\t\t\t\t\t\t<div class=\"elementor-container elementor-column-gap-default\">\n\t\t\t\t\t<div class=\"elementor-column elementor-col-100 elementor-top-column elementor-element elementor-element-914e59d\" data-id=\"914e59d\" data-element_type=\"column\">\n\t\t\t<div class=\"elementor-widget-wrap elementor-element-populated\">\n\t\t\t\t\t\t<div class=\"elementor-element elementor-element-543cb34 elementor-widget elementor-widget-spacer\" data-id=\"543cb34\" data-element_type=\"widget\" data-widget_type=\"spacer.default\">\n\t\t\t\t<div class=\"elementor-widget-container\">\n\t\t\t\t\t\t\t<div class=\"elementor-spacer\">\n\t\t\t<div class=\"elementor-spacer-inner\"><\/div>\n\t\t<\/div>\n\t\t\t\t\t\t<\/div>\n\t\t\t\t<\/div>\n\t\t\t\t\t<\/div>\n\t\t<\/div>\n\t\t\t\t\t<\/div>\n\t\t<\/section>\n\t\t\t\t<section class=\"elementor-section elementor-top-section elementor-element elementor-element-6033ae8 elementor-section-full_width elementor-section-stretched elementor-section-height-default elementor-section-height-default\" data-id=\"6033ae8\" data-element_type=\"section\" data-settings=\"{&quot;stretch_section&quot;:&quot;section-stretched&quot;}\">\n\t\t\t\t\t\t<div class=\"elementor-container elementor-column-gap-default\">\n\t\t\t\t\t<div class=\"elementor-column elementor-col-100 elementor-top-column elementor-element elementor-element-7649fe2\" data-id=\"7649fe2\" data-element_type=\"column\">\n\t\t\t<div class=\"elementor-widget-wrap elementor-element-populated\">\n\t\t\t\t\t\t<section class=\"elementor-section elementor-inner-section elementor-element elementor-element-281da14 elementor-section-full_width elementor-section-height-default elementor-section-height-default\" data-id=\"281da14\" data-element_type=\"section\">\n\t\t\t\t\t\t<div class=\"elementor-container elementor-column-gap-default\">\n\t\t\t\t\t<div class=\"elementor-column elementor-col-100 elementor-inner-column elementor-element elementor-element-8b6ab0a\" data-id=\"8b6ab0a\" data-element_type=\"column\">\n\t\t\t<div class=\"elementor-widget-wrap elementor-element-populated\">\n\t\t\t\t\t\t<div class=\"elementor-element elementor-element-69971c0 elementor-widget elementor-widget-video\" data-id=\"69971c0\" data-element_type=\"widget\" data-settings=\"{&quot;video_type&quot;:&quot;hosted&quot;,&quot;autoplay&quot;:&quot;yes&quot;,&quot;loop&quot;:&quot;yes&quot;,&quot;play_on_mobile&quot;:&quot;yes&quot;}\" data-widget_type=\"video.default\">\n\t\t\t\t<div class=\"elementor-widget-container\">\n\t\t\t\t\t\t\t<div class=\"e-hosted-video elementor-wrapper elementor-open-inline\">\n\t\t\t\t\t<video class=\"elementor-video\" src=\"https:\/\/ahw-wiesloch.de\/ahw\/2022\/wp-content\/uploads\/2025\/03\/AHW-Web-Videos-AB-Header-Kontakt-1-grau-istock.mp4\" autoplay=\"\" loop=\"\" playsinline=\"\" controlsList=\"nodownload\"><\/video>\n\t\t\t\t<\/div>\n\t\t\t\t\t\t<\/div>\n\t\t\t\t<\/div>\n\t\t\t\t\t<\/div>\n\t\t<\/div>\n\t\t\t\t\t<\/div>\n\t\t<\/section>\n\t\t\t\t\t<\/div>\n\t\t<\/div>\n\t\t\t\t\t<\/div>\n\t\t<\/section>\n\t\t\t\t<section class=\"elementor-section elementor-top-section elementor-element elementor-element-5e31e4f elementor-section-boxed elementor-section-height-default elementor-section-height-default\" data-id=\"5e31e4f\" data-element_type=\"section\">\n\t\t\t\t\t\t<div class=\"elementor-container elementor-column-gap-default\">\n\t\t\t\t\t<div class=\"elementor-column elementor-col-100 elementor-top-column elementor-element elementor-element-070e5ef\" data-id=\"070e5ef\" data-element_type=\"column\">\n\t\t\t<div class=\"elementor-widget-wrap\">\n\t\t\t\t\t\t\t<\/div>\n\t\t<\/div>\n\t\t\t\t\t<\/div>\n\t\t<\/section>\n\t\t\t\t<section class=\"elementor-section elementor-top-section elementor-element elementor-element-15a96730 elementor-section-full_width elementor-section-stretched elementor-section-height-default elementor-section-height-default\" data-id=\"15a96730\" data-element_type=\"section\" data-settings=\"{&quot;stretch_section&quot;:&quot;section-stretched&quot;}\">\n\t\t\t\t\t\t<div class=\"elementor-container elementor-column-gap-default\">\n\t\t\t\t\t<div class=\"elementor-column elementor-col-100 elementor-top-column elementor-element elementor-element-36764be0\" data-id=\"36764be0\" data-element_type=\"column\" data-settings=\"{&quot;background_background&quot;:&quot;classic&quot;}\">\n\t\t\t<div class=\"elementor-widget-wrap elementor-element-populated\">\n\t\t\t\t\t\t<div class=\"elementor-element elementor-element-87994dc elementor-widget elementor-widget-text-editor\" data-id=\"87994dc\" data-element_type=\"widget\" data-widget_type=\"text-editor.default\">\n\t\t\t\t<div class=\"elementor-widget-container\">\n\t\t\t\t\t\t\t\t\t<p><b>So erreichen Sie uns:<\/b><\/p><p><b>Postanschrift:<\/b><br \/>Postfach 1180<br \/>69152 Wiesloch<\/p><p><b>Hausanschrift:<\/b><br \/>Abwasser- und Hochwasserschutzverband Wiesloch<br \/>Bruchwiesen 1<br \/>69168 Wiesloch<\/p><p>Tel.: 06222\/5706-10<br \/>Fax: 06222\/5706-57<br \/>mail: <a href=\"mailto:info@ahw-wiesloch.de\">info@ahw-wiesloch.de<\/a><\/p><p>Elektronische Rechnungen per pdf an:<br \/><a href=\"mailto:e-rechnungen@ahw-wiesloch.de\">e-rechnungen@ahw-wiesloch.de<\/a><\/p><p><b>Gesch\u00e4ftsleitung:<\/b><br \/>Rainer Rei\u00dffelder<\/p><p><b>Verbandsvorsitzender:<\/b><br \/>Dirk Elkemann,<br \/>Oberb\u00fcrgermeister Stadt Wiesloch<\/p><p>\u00a0<\/p>\t\t\t\t\t\t\t\t<\/div>\n\t\t\t\t<\/div>\n\t\t\t\t<div class=\"elementor-element elementor-element-33af39ec elementor-widget elementor-widget-shortcode\" data-id=\"33af39ec\" data-element_type=\"widget\" data-widget_type=\"shortcode.default\">\n\t\t\t\t<div class=\"elementor-widget-container\">\n\t\t\t\t\t\t\t<div class=\"elementor-shortcode\"><a id=\"team\"><\/a><\/div>\n\t\t\t\t\t\t<\/div>\n\t\t\t\t<\/div>\n\t\t\t\t<div class=\"elementor-element elementor-element-4c239448 elementor-widget elementor-widget-spacer\" data-id=\"4c239448\" data-element_type=\"widget\" data-widget_type=\"spacer.default\">\n\t\t\t\t<div class=\"elementor-widget-container\">\n\t\t\t\t\t\t\t<div class=\"elementor-spacer\">\n\t\t\t<div class=\"elementor-spacer-inner\"><\/div>\n\t\t<\/div>\n\t\t\t\t\t\t<\/div>\n\t\t\t\t<\/div>\n\t\t\t\t<div class=\"elementor-element elementor-element-5637850e topp elementor-widget elementor-widget-video\" data-id=\"5637850e\" data-element_type=\"widget\" id=\"topp\" data-settings=\"{&quot;video_type&quot;:&quot;hosted&quot;,&quot;autoplay&quot;:&quot;yes&quot;,&quot;mute&quot;:&quot;yes&quot;,&quot;play_on_mobile&quot;:&quot;yes&quot;,&quot;loop&quot;:&quot;yes&quot;}\" data-widget_type=\"video.default\">\n\t\t\t\t<div class=\"elementor-widget-container\">\n\t\t\t\t\t\t\t<div class=\"e-hosted-video elementor-wrapper elementor-open-inline\">\n\t\t\t\t\t<video class=\"elementor-video\" src=\"https:\/\/ahw-wiesloch.de\/ahw\/2022\/wp-content\/uploads\/2023\/11\/AHW-Web-Videos-AB-Header-Unser-Team-1.mp4\" autoplay=\"\" loop=\"\" muted=\"muted\" playsinline=\"\" controlsList=\"nodownload\"><\/video>\n\t\t\t\t<\/div>\n\t\t\t\t\t\t<\/div>\n\t\t\t\t<\/div>\n\t\t\t\t<div class=\"elementor-element elementor-element-519c5fda elementor-widget elementor-widget-heading\" data-id=\"519c5fda\" data-element_type=\"widget\" data-widget_type=\"heading.default\">\n\t\t\t\t<div class=\"elementor-widget-container\">\n\t\t\t\t\t<h2 class=\"elementor-heading-title elementor-size-default\">&gt;&gt; &gt;&gt; Abwasser - Verbandskl\u00e4ranlage Wiesloch<\/h2>\t\t\t\t<\/div>\n\t\t\t\t<\/div>\n\t\t\t\t<div class=\"elementor-element elementor-element-616cb0c9 elementor-widget elementor-widget-image\" data-id=\"616cb0c9\" data-element_type=\"widget\" data-widget_type=\"image.default\">\n\t\t\t\t<div class=\"elementor-widget-container\">\n\t\t\t\t\t\t\t\t\t\t\t\t\t\t\t<img decoding=\"async\" width=\"90\" height=\"15\" src=\"https:\/\/ahw-wiesloch.de\/ahw\/2022\/wp-content\/uploads\/2023\/02\/welle.png\" class=\"attachment-thumbnail size-thumbnail wp-image-1251\" alt=\"\" \/>\t\t\t\t\t\t\t\t\t\t\t\t\t\t\t<\/div>\n\t\t\t\t<\/div>\n\t\t\t\t<div class=\"elementor-element elementor-element-3668eeda elementor-widget elementor-widget-text-editor\" data-id=\"3668eeda\" data-element_type=\"widget\" data-widget_type=\"text-editor.default\">\n\t\t\t\t<div class=\"elementor-widget-container\">\n\t\t\t\t\t\t\t\t\t<p>Alle, die hier arbeiten, bringen eine hochqualifizierte Dienstleistung f\u00fcr uns und unsere Umwelt.<\/p><p>Ein wichtiger und sympathischer Service.<\/p><p>Bei Anfragen erreichen Sie uns unter Tel. 06222\/5706-0, info@ahw-wiesloch.de, oder direkt:<\/p><p>Rainer Rei\u00dffelder, Gesch\u00e4ftsf\u00fchrer, Tel. -21<br \/>email:\u00a0r.reissfelder@ahw-wiesloch.de<\/p><p>Assistenz der Gesch\u00e4ftsleitung, Presse- und \u00d6ffentlichkeitsarbeit,<br \/>Personalabteilung<br \/>Sabine Fuchs, Tel. -10<br \/>email:\u00a0s.fuchs@ahw-wiesloch.de<\/p><p>Verbandskasse, Buchhaltung<br \/>Petra Engels, Tel. -28<br \/>email:\u00a0p.engels@ahw-wiesloch.de<\/p><p>Verbandsverwaltung, Buchhaltung<br \/>Andrea Brinkmann, Tel. -25<br \/>email:\u00a0a.brinkmann@ahw-wiesloch.de<\/p><p>Grundst\u00fcckspflege:<br \/>Michael Fessler<\/p><p>Ramiz Uzunovic<br \/>Werner Friedrich<\/p><p>Abwasserreinigung, Umweltmanagement, Sonstige Dienstleistungen, Servicebereich Maschinentechnik<br \/>Fachbereichsleiter Abwasserbeseitigung<br \/>Georg G\u00e4rtner, Tel. -82<br \/>email:\u00a0g.gaertner@ahw-wiesloch.de<\/p><p>weitere Mitarbeiter:<br \/>Kl\u00e4ranlage:<br \/>Simon Knopf<br \/>email:\u00a0s.knopf@ahw-wiesloch.de<br \/>Alexander Bergm\u00fcller<br \/>email:\u00a0a.bergmueller@ahw-wiesloch.de<br \/>Galip Sahin<br \/>email:\u00a0g.sahin@ahw-wiesloch.de<br \/>Mark Schreiber<br \/>email:\u00a0m.schreiber@ahw-wiesloch.de<\/p><p>Werkstatt:<br \/>Leitung: Sascha Jakobs, Tel. -29<br \/>email:\u00a0s.jakobs@ahw-wiesloch.de<br \/>weitere Mitarbeiter: Tel. -34<br \/>Marcus Roos <br \/>email:\u00a0m.roos@ahw-wiesloch.de<br \/>Piero Eschbach<br \/>email:\u00a0p.eschbach@ahw-wiesloch.de<\/p><p>Labor:<br \/>Laborleitung<br \/>Daniel Berlinghof Tel. -31<br \/>email:\u00a0d.berlinghof@ahw-wiesloch.de<br \/>Mitarbeiterin Labor:<br \/>Nicole Stadler Tel. -31<br \/>email:\u00a0n.stadler@ahw-wiesloch.de<\/p><p>Sachgebietsleiter Hochwasserschutz, Abwasserableitung, Indirekteinleiterkontrolle<br \/>Norman Rimmele, Tel. -26<br \/>email:\u00a0n.rimmele@ahw-wiesloch.de<\/p><p>weitere Mitarbeiter im Au\u00dfendienst, Hochwasserschutz:<br \/>Leitung: Michael Wolff, Tel. -23<br \/>email:\u00a0m.wolff@ahw-wiesloch.de<br \/>weiterer Mitarbeiter: J\u00f6rn Schr\u00f6der<br \/>email:\u00a0j.schroeder@ahw-wiesloch.de<\/p><p>Fachbereichsleiter IT-Service und Zentraler Servicebereich Elektrotechnik<br \/>J\u00fcrgen Klefenz, Tel. -45 email:\u00a0j.klefenz@ahw-wiesloch.de<br \/>weitere Mitarbeiter Elektrotechnik:<br \/>Mohamed Bahri, email:\u00a0m.bahri@ahw-wiesloch.de<br \/>Thomas Huber, email:\u00a0t.huber@ahw-wiesloch.de<br \/>Sergej Talalaev, email:\u00a0s.talalaev@ahw-wiesloch.de<\/p><p>Auszubildender zur Fachkraft f\u00fcr Abwassertechnik:<br \/>Leon Kropp<\/p>\t\t\t\t\t\t\t\t<\/div>\n\t\t\t\t<\/div>\n\t\t\t\t<div class=\"elementor-element elementor-element-1b08c103 elementor-widget elementor-widget-spacer\" data-id=\"1b08c103\" data-element_type=\"widget\" data-widget_type=\"spacer.default\">\n\t\t\t\t<div class=\"elementor-widget-container\">\n\t\t\t\t\t\t\t<div class=\"elementor-spacer\">\n\t\t\t<div class=\"elementor-spacer-inner\"><\/div>\n\t\t<\/div>\n\t\t\t\t\t\t<\/div>\n\t\t\t\t<\/div>\n\t\t\t\t\t<\/div>\n\t\t<\/div>\n\t\t\t\t\t<\/div>\n\t\t<\/section>\n\t\t\t\t<section class=\"elementor-section elementor-top-section elementor-element elementor-element-32c732d0 elementor-section-full_width elementor-section-stretched elementor-section-height-default elementor-section-height-default\" data-id=\"32c732d0\" data-element_type=\"section\" data-settings=\"{&quot;stretch_section&quot;:&quot;section-stretched&quot;}\">\n\t\t\t\t\t\t<div class=\"elementor-container elementor-column-gap-default\">\n\t\t\t\t\t<div class=\"elementor-column elementor-col-100 elementor-top-column elementor-element elementor-element-757843bb\" data-id=\"757843bb\" data-element_type=\"column\" data-settings=\"{&quot;background_background&quot;:&quot;classic&quot;}\">\n\t\t\t<div class=\"elementor-widget-wrap elementor-element-populated\">\n\t\t\t\t\t\t<div class=\"elementor-element elementor-element-605f65e elementor-widget elementor-widget-shortcode\" data-id=\"605f65e\" data-element_type=\"widget\" data-widget_type=\"shortcode.default\">\n\t\t\t\t<div class=\"elementor-widget-container\">\n\t\t\t\t\t\t\t<div class=\"elementor-shortcode\"><a id=\"anfahrt\"><\/a><\/div>\n\t\t\t\t\t\t<\/div>\n\t\t\t\t<\/div>\n\t\t\t\t<div class=\"elementor-element elementor-element-7a34853 elementor-widget elementor-widget-spacer\" data-id=\"7a34853\" data-element_type=\"widget\" data-widget_type=\"spacer.default\">\n\t\t\t\t<div class=\"elementor-widget-container\">\n\t\t\t\t\t\t\t<div class=\"elementor-spacer\">\n\t\t\t<div class=\"elementor-spacer-inner\"><\/div>\n\t\t<\/div>\n\t\t\t\t\t\t<\/div>\n\t\t\t\t<\/div>\n\t\t\t\t<div class=\"elementor-element elementor-element-4e74c9a2 topp elementor-widget elementor-widget-video\" data-id=\"4e74c9a2\" data-element_type=\"widget\" id=\"topp\" data-settings=\"{&quot;video_type&quot;:&quot;hosted&quot;,&quot;autoplay&quot;:&quot;yes&quot;,&quot;mute&quot;:&quot;yes&quot;,&quot;play_on_mobile&quot;:&quot;yes&quot;,&quot;loop&quot;:&quot;yes&quot;}\" data-widget_type=\"video.default\">\n\t\t\t\t<div class=\"elementor-widget-container\">\n\t\t\t\t\t\t\t<div class=\"e-hosted-video elementor-wrapper elementor-open-inline\">\n\t\t\t\t\t<video class=\"elementor-video\" src=\"https:\/\/ahw-wiesloch.de\/ahw\/2022\/wp-content\/uploads\/2024\/09\/Anfahrt-16.mp4\" autoplay=\"\" loop=\"\" muted=\"muted\" playsinline=\"\" controlsList=\"nodownload\"><\/video>\n\t\t\t\t<\/div>\n\t\t\t\t\t\t<\/div>\n\t\t\t\t<\/div>\n\t\t\t\t<div class=\"elementor-element elementor-element-4fffc674 elementor-widget elementor-widget-heading\" data-id=\"4fffc674\" data-element_type=\"widget\" data-widget_type=\"heading.default\">\n\t\t\t\t<div class=\"elementor-widget-container\">\n\t\t\t\t\t<h2 class=\"elementor-heading-title elementor-size-default\">&gt;&gt; Anfahrt<\/h2>\t\t\t\t<\/div>\n\t\t\t\t<\/div>\n\t\t\t\t<div class=\"elementor-element elementor-element-f68dd3f elementor-widget elementor-widget-html\" data-id=\"f68dd3f\" data-element_type=\"widget\" data-widget_type=\"html.default\">\n\t\t\t\t<div class=\"elementor-widget-container\">\n\t\t\t\t\t<iframe width=\"430\" height=\"350\" src=\"https:\/\/regiohelden.de\/google-maps\/map.php?width=430&amp;height=350&amp;hl=de&amp;q=Bruchwiesen%201%2C%2069168%20Wiesloch+(Abwasser-%20und%20Hochwasserschutzverband%20Wiesloch)&amp;ie=UTF8&amp;t=&amp;z=13&amp;iwloc=A&amp;output=embed\" frameborder=\"0\" scrolling=\"no\" marginheight=\"0\" marginwidth=\"0\"><a style=\"font-size: 9px;\" href=\"https:\/\/www.regiohelden.de\/google-maps\/\" style=\"font-size: 9px;\">Google Maps Generator<\/a> by <a href=\"https:\/\/www.regiohelden.de\/\">RegioHelden<\/a><\/iframe>\t\t\t\t<\/div>\n\t\t\t\t<\/div>\n\t\t\t\t<div class=\"elementor-element elementor-element-55d4fb56 elementor-widget elementor-widget-image\" data-id=\"55d4fb56\" data-element_type=\"widget\" data-widget_type=\"image.default\">\n\t\t\t\t<div class=\"elementor-widget-container\">\n\t\t\t\t\t\t\t\t\t\t\t\t\t\t\t<img decoding=\"async\" width=\"90\" height=\"15\" src=\"https:\/\/ahw-wiesloch.de\/ahw\/2022\/wp-content\/uploads\/2023\/02\/welle.png\" class=\"attachment-thumbnail size-thumbnail wp-image-1251\" alt=\"\" \/>\t\t\t\t\t\t\t\t\t\t\t\t\t\t\t<\/div>\n\t\t\t\t<\/div>\n\t\t\t\t<div class=\"elementor-element elementor-element-de3e080 elementor-widget elementor-widget-spacer\" data-id=\"de3e080\" data-element_type=\"widget\" data-widget_type=\"spacer.default\">\n\t\t\t\t<div class=\"elementor-widget-container\">\n\t\t\t\t\t\t\t<div class=\"elementor-spacer\">\n\t\t\t<div class=\"elementor-spacer-inner\"><\/div>\n\t\t<\/div>\n\t\t\t\t\t\t<\/div>\n\t\t\t\t<\/div>\n\t\t\t\t\t<\/div>\n\t\t<\/div>\n\t\t\t\t\t<\/div>\n\t\t<\/section>\n\t\t\t\t<\/div>\n\t\t","protected":false},"excerpt":{"rendered":"<p>https:\/\/ahw-wiesloch.de\/ahw\/2022\/wp-content\/uploads\/2025\/03\/AHW-Web-Videos-AB-Header-Kontakt-1-grau-istock.mp4 So erreichen Sie uns: Postanschrift:Postfach 118069152 Wiesloch Hausanschrift:Abwasser- und Hochwasserschutzverband WieslochBruchwiesen 169168 Wiesloch Tel.: 06222\/5706-10Fax: 06222\/5706-57mail: info@ahw-wiesloch.de Elektronische Rechnungen per pdf an:e-rechnungen@ahw-wiesloch.de Gesch\u00e4ftsleitung:Rainer Rei\u00dffelder Verbandsvorsitzender:Dirk Elkemann,Oberb\u00fcrgermeister Stadt Wiesloch \u00a0 https:\/\/ahw-wiesloch.de\/ahw\/2022\/wp-content\/uploads\/2023\/11\/AHW-Web-Videos-AB-Header-Unser-Team-1.mp4 &gt;&gt; &gt;&gt; Abwasser &#8211; Verbandskl\u00e4ranlage Wiesloch Alle, die hier arbeiten, bringen eine hochqualifizierte Dienstleistung f\u00fcr uns und unsere Umwelt. Ein wichtiger und sympathischer Service. [&hellip;]<\/p>\n","protected":false},"author":1,"featured_media":0,"parent":0,"menu_order":0,"comment_status":"closed","ping_status":"closed","template":"","meta":{"footnotes":""},"class_list":["post-2692","page","type-page","status-publish","hentry"],"_links":{"self":[{"href":"https:\/\/ahw-wiesloch.de\/ahw\/2022\/wp-json\/wp\/v2\/pages\/2692","targetHints":{"allow":["GET"]}}],"collection":[{"href":"https:\/\/ahw-wiesloch.de\/ahw\/2022\/wp-json\/wp\/v2\/pages"}],"about":[{"href":"https:\/\/ahw-wiesloch.de\/ahw\/2022\/wp-json\/wp\/v2\/types\/page"}],"author":[{"embeddable":true,"href":"https:\/\/ahw-wiesloch.de\/ahw\/2022\/wp-json\/wp\/v2\/users\/1"}],"replies":[{"embeddable":true,"href":"https:\/\/ahw-wiesloch.de\/ahw\/2022\/wp-json\/wp\/v2\/comments?post=2692"}],"version-history":[{"count":206,"href":"https:\/\/ahw-wiesloch.de\/ahw\/2022\/wp-json\/wp\/v2\/pages\/2692\/revisions"}],"predecessor-version":[{"id":6240,"href":"https:\/\/ahw-wiesloch.de\/ahw\/2022\/wp-json\/wp\/v2\/pages\/2692\/revisions\/6240"}],"wp:attachment":[{"href":"https:\/\/ahw-wiesloch.de\/ahw\/2022\/wp-json\/wp\/v2\/media?parent=2692"}],"curies":[{"name":"wp","href":"https:\/\/api.w.org\/{rel}","templated":true}]}}