{"id":3926,"date":"2024-12-02T07:38:50","date_gmt":"2024-12-02T06:38:50","guid":{"rendered":"https:\/\/ahw-wiesloch.de\/ahw\/2022\/?page_id=3926"},"modified":"2025-11-13T13:51:09","modified_gmt":"2025-11-13T12:51:09","slug":"datenschutz","status":"publish","type":"page","link":"https:\/\/ahw-wiesloch.de\/ahw\/2022\/datenschutz\/","title":{"rendered":"datenschutz"},"content":{"rendered":"\t\t<div data-elementor-type=\"wp-page\" data-elementor-id=\"3926\" class=\"elementor elementor-3926\" data-elementor-post-type=\"page\">\n\t\t\t\t\t\t<section class=\"elementor-section elementor-top-section elementor-element elementor-element-e653422 elementor-section-full_width elementor-section-stretched elementor-section-height-default elementor-section-height-default\" data-id=\"e653422\" data-element_type=\"section\" data-settings=\"{&quot;stretch_section&quot;:&quot;section-stretched&quot;}\">\n\t\t\t\t\t\t<div class=\"elementor-container elementor-column-gap-default\">\n\t\t\t\t\t<div class=\"elementor-column elementor-col-100 elementor-top-column elementor-element elementor-element-4ad530b\" data-id=\"4ad530b\" data-element_type=\"column\" data-settings=\"{&quot;background_background&quot;:&quot;classic&quot;}\">\n\t\t\t<div class=\"elementor-widget-wrap elementor-element-populated\">\n\t\t\t\t\t\t<div class=\"elementor-element elementor-element-7660d21 elementor-widget elementor-widget-shortcode\" data-id=\"7660d21\" data-element_type=\"widget\" data-widget_type=\"shortcode.default\">\n\t\t\t\t<div class=\"elementor-widget-container\">\n\t\t\t\t\t\t\t<div class=\"elementor-shortcode\"><a id=\"abwasser\"><\/a><\/div>\n\t\t\t\t\t\t<\/div>\n\t\t\t\t<\/div>\n\t\t\t\t<div class=\"elementor-element elementor-element-c41f044 elementor-widget elementor-widget-spacer\" data-id=\"c41f044\" data-element_type=\"widget\" data-widget_type=\"spacer.default\">\n\t\t\t\t<div class=\"elementor-widget-container\">\n\t\t\t\t\t\t\t<div class=\"elementor-spacer\">\n\t\t\t<div class=\"elementor-spacer-inner\"><\/div>\n\t\t<\/div>\n\t\t\t\t\t\t<\/div>\n\t\t\t\t<\/div>\n\t\t\t\t\t<\/div>\n\t\t<\/div>\n\t\t\t\t\t<\/div>\n\t\t<\/section>\n\t\t\t\t<section class=\"elementor-section elementor-top-section elementor-element elementor-element-45e3f48 elementor-section-boxed elementor-section-height-default elementor-section-height-default\" data-id=\"45e3f48\" data-element_type=\"section\">\n\t\t\t\t\t\t<div class=\"elementor-container elementor-column-gap-default\">\n\t\t\t\t\t<div class=\"elementor-column elementor-col-100 elementor-top-column elementor-element elementor-element-914e59d\" data-id=\"914e59d\" data-element_type=\"column\">\n\t\t\t<div class=\"elementor-widget-wrap elementor-element-populated\">\n\t\t\t\t\t\t<div class=\"elementor-element elementor-element-543cb34 elementor-widget elementor-widget-spacer\" data-id=\"543cb34\" data-element_type=\"widget\" data-widget_type=\"spacer.default\">\n\t\t\t\t<div class=\"elementor-widget-container\">\n\t\t\t\t\t\t\t<div class=\"elementor-spacer\">\n\t\t\t<div class=\"elementor-spacer-inner\"><\/div>\n\t\t<\/div>\n\t\t\t\t\t\t<\/div>\n\t\t\t\t<\/div>\n\t\t\t\t\t<\/div>\n\t\t<\/div>\n\t\t\t\t\t<\/div>\n\t\t<\/section>\n\t\t\t\t<section class=\"elementor-section elementor-top-section elementor-element elementor-element-6033ae8 elementor-section-full_width elementor-section-stretched elementor-section-height-default elementor-section-height-default\" data-id=\"6033ae8\" data-element_type=\"section\" data-settings=\"{&quot;stretch_section&quot;:&quot;section-stretched&quot;}\">\n\t\t\t\t\t\t<div class=\"elementor-container elementor-column-gap-default\">\n\t\t\t\t\t<div class=\"elementor-column elementor-col-100 elementor-top-column elementor-element elementor-element-7649fe2\" data-id=\"7649fe2\" data-element_type=\"column\">\n\t\t\t<div class=\"elementor-widget-wrap elementor-element-populated\">\n\t\t\t\t\t\t<section class=\"elementor-section elementor-inner-section elementor-element elementor-element-281da14 elementor-section-full_width elementor-section-height-default elementor-section-height-default\" data-id=\"281da14\" data-element_type=\"section\">\n\t\t\t\t\t\t<div class=\"elementor-container elementor-column-gap-default\">\n\t\t\t\t\t<div class=\"elementor-column elementor-col-100 elementor-inner-column elementor-element elementor-element-8b6ab0a\" data-id=\"8b6ab0a\" data-element_type=\"column\">\n\t\t\t<div class=\"elementor-widget-wrap elementor-element-populated\">\n\t\t\t\t\t\t<div class=\"elementor-element elementor-element-69971c0 elementor-widget elementor-widget-video\" data-id=\"69971c0\" data-element_type=\"widget\" data-settings=\"{&quot;video_type&quot;:&quot;hosted&quot;,&quot;autoplay&quot;:&quot;yes&quot;,&quot;loop&quot;:&quot;yes&quot;,&quot;play_on_mobile&quot;:&quot;yes&quot;}\" data-widget_type=\"video.default\">\n\t\t\t\t<div class=\"elementor-widget-container\">\n\t\t\t\t\t\t\t<div class=\"e-hosted-video elementor-wrapper elementor-open-inline\">\n\t\t\t\t\t<video class=\"elementor-video\" src=\"https:\/\/ahw-wiesloch.de\/ahw\/2022\/wp-content\/uploads\/2024\/09\/BR-Datenschutz-17.mp4\" autoplay=\"\" loop=\"\" playsinline=\"\" controlsList=\"nodownload\"><\/video>\n\t\t\t\t<\/div>\n\t\t\t\t\t\t<\/div>\n\t\t\t\t<\/div>\n\t\t\t\t\t<\/div>\n\t\t<\/div>\n\t\t\t\t\t<\/div>\n\t\t<\/section>\n\t\t\t\t\t<\/div>\n\t\t<\/div>\n\t\t\t\t\t<\/div>\n\t\t<\/section>\n\t\t\t\t<section class=\"elementor-section elementor-top-section elementor-element elementor-element-5e31e4f elementor-section-boxed elementor-section-height-default elementor-section-height-default\" data-id=\"5e31e4f\" data-element_type=\"section\">\n\t\t\t\t\t\t<div class=\"elementor-container elementor-column-gap-default\">\n\t\t\t\t\t<div class=\"elementor-column elementor-col-100 elementor-top-column elementor-element elementor-element-070e5ef\" data-id=\"070e5ef\" data-element_type=\"column\">\n\t\t\t<div class=\"elementor-widget-wrap\">\n\t\t\t\t\t\t\t<\/div>\n\t\t<\/div>\n\t\t\t\t\t<\/div>\n\t\t<\/section>\n\t\t\t\t<section class=\"elementor-section elementor-top-section elementor-element elementor-element-15a96730 elementor-section-full_width elementor-section-stretched elementor-section-height-default elementor-section-height-default\" data-id=\"15a96730\" data-element_type=\"section\" data-settings=\"{&quot;stretch_section&quot;:&quot;section-stretched&quot;}\">\n\t\t\t\t\t\t<div class=\"elementor-container elementor-column-gap-default\">\n\t\t\t\t\t<div class=\"elementor-column elementor-col-100 elementor-top-column elementor-element elementor-element-36764be0\" data-id=\"36764be0\" data-element_type=\"column\" data-settings=\"{&quot;background_background&quot;:&quot;classic&quot;}\">\n\t\t\t<div class=\"elementor-widget-wrap elementor-element-populated\">\n\t\t\t\t\t\t<div class=\"elementor-element elementor-element-87994dc elementor-widget__width-initial elementor-widget elementor-widget-text-editor\" data-id=\"87994dc\" data-element_type=\"widget\" data-widget_type=\"text-editor.default\">\n\t\t\t\t<div class=\"elementor-widget-container\">\n\t\t\t\t\t\t\t\t\t<h2><strong>Datenschutzerkl\u00e4rung<\/strong><\/h2><p>Falls Sie uns \u00fcber diese Webseite pers\u00f6nliche oder gesch\u00e4ftliche Daten zukommen lassen, etwa Ihre Email-Adresse, Ihren Name und Ihre Anschrift (z. B. bei einer Brosch\u00fcrenbestellung), werden wir diese vertraulich behandeln und sie allein zum Zweck der Beantwortung Ihrer Anfrage speichern. Eine Weitergabe der Daten an Dritte erfolgt nicht.<\/p><p>Der AHW verarbeitet personenbezogene Daten von Mitarbeiter\/-innen, Mitgliedern, Kund\/-innen, Lieferant\/-innen sowie Ansprechpartner\/-innen bei anderen externen Stellen, soweit diese Verarbeitung zur Erf\u00fcllung der rechtm\u00e4\u00dfigen Aufgaben des AHW erforderlich ist.<\/p><p>Wir erheben, verarbeiten und nutzen personenbezogene Daten unter Beachtung der datenschutzrechtlichen Bestimmungen, insbesondere des Gesetzes zum Schutz personenbezogener Daten EU-DSGVO und weiterer bereichsspezifischer Normen. Dabei ber\u00fccksichtigen wir die Grunds\u00e4tze der Datensparsamkeit und Datenvermeidung, d. h. wir erheben und verarbeiten personenbezogene Daten nur in dem zur Aufgabenerf\u00fcllung erforderlichen Umfang.<\/p><p>Datenschutzerkl\u00e4rung nach DSGVO<\/p><p>I. Name und Anschrift des Verantwortlichen<\/p><p>Der Verantwortliche im Sinne der Datenschutz-Grundverordnung und anderer nationaler Datenschutzgesetze der Mitgliedsstaaten sowie sonstiger datenschutzrechtlicher Bestimmungen ist der:<\/p><p>Abwasser- und Hochwasserschutzverband Wiesloch (AHW)<br \/>Bruchwiesen 1<br \/>69168 Wiesloch<br \/>Deutschland<br \/>Tel.: 06222 5706-10<br \/>E-Mail: info@ahw-wiesloch.de<br \/>Website: www.ahw-wiesloch.de<\/p><p>II. Name und Anschrift Datenschutzbeauftragte\/r:<\/p><p>Komm.ONE A\u00f6R<br \/>Weissacher Str. 15<br \/>70499 Stuttgart<br \/>Telefon 0711 8081 4444<br \/>email-Adresse: datenschutzbeauftragte@komm.one<\/p><p>III. Allgemeines zur Datenverarbeitung<\/p><p>1. Umfang der Verarbeitung personenbezogener Daten<br \/>Wir verarbeiten personenbezogene Daten unserer Nutzer grunds\u00e4tzlich nur soweit dies zur Bereitstellung einer funktionsf\u00e4higen Website sowie unserer Inhalte und Leistungen erforderlich ist. Die Verarbeitung personenbezogener Daten unserer Nutzer erfolgt regelm\u00e4\u00dfig nur nach Einwilligung des Nutzers. Eine Ausnahme gilt in solchen F\u00e4llen, in denen eine vorherige Einholung einer Einwilligung aus tats\u00e4chlichen Gr\u00fcnden nicht m\u00f6glich ist und die Verarbeitung der Daten durch gesetzliche Vorschriften gestattet ist.<\/p><p>2. Rechtsgrundlage f\u00fcr die Verarbeitung personenbezogener Daten<br \/>soweit wir f\u00fcr Verarbeitungsvorg\u00e4nge personenbezogener Daten eine Einwilligung der betroffenen Person einholen, dient Art. 6 Abs. 1 lit. a EU-Datenschutzgrundverordnung (DSGVO) als Rechtsgrundlage.<br \/>Bei der Verarbeitung von personenbezogenen Daten, die zur Erf\u00fcllung eines Vertrages, dessen Vertragspartei die betroffene Person ist, erforderlich ist, dient Art. 6 Abs. 1 lit. b DSGVO als Rechtsgrundlage. Dies gilt auch f\u00fcr Verarbeitungsvorg\u00e4nge, die zur Durchf\u00fchrung vorver-traglicher Ma\u00dfnahmen erforderlich sind.<br \/>Soweit eine Verarbeitung personenbezogener Daten zur Erf\u00fcllung einer rechtlichen Verpflichtung erforderlich ist, der unser Unternehmen unterliegt, dient Art. 6 Abs. 1 lit. c DSGVO als Rechtsgrundlage.<br \/>F\u00fcr den Fall, dass lebenswichtige Interessen der betroffenen Person oder einer anderen nat\u00fcrlichen Person eine Verarbeitung personenbezogener Daten erforderlich machen, dient Art. 6 Abs. 1 lit. d DSGVO als Rechtsgrundlage.<br \/>Ist die Verarbeitung zur Wahrung eines berechtigten Interesses unseres Unternehmens oder eines Dritten erforderlich und \u00fcberwiegen die Interessen, Grundrechte und Grundfreiheiten des Betroffenen das erstgenannte Interesse nicht, so dient Art. 6 Abs. 1 lit. f DSGVO als Rechtsgrundlage f\u00fcr die Verarbeitung.<\/p><p>3. Datenl\u00f6schung und Speicherdauer<br \/>Die personenbezogenen Daten der betroffenen Person werden gel\u00f6scht oder gesperrt, sobald der Zweck der Speicherung entf\u00e4llt. Eine Speicherung kann dar\u00fcber hinaus erfolgen, wenn dies durch den europ\u00e4ischen oder nationalen Gesetzgeber in unionsrechtlichen Ver-ordnungen, Gesetzen oder sonstigen Vorschriften, denen der Verantwortliche unterliegt, vorgesehen wurde. Eine Sperrung oder L\u00f6schung der Daten erfolgt auch dann, wenn eine durch die genannten Normen vorgeschriebene Speicherfrist abl\u00e4uft, es sei denn, dass eine Erforderlichkeit zur weiteren Speicherung der Daten f\u00fcr einen Vertragsabschluss oder eine Vertragserf\u00fcllung besteht.<\/p><p>IV. Bereitstellung der Website und Erstellung von Logfiles<\/p><p>4. Beschreibung und Umfang der Datenverarbeitung<br \/>Bei jedem Aufruf unserer Internetseite erfasst unser System automatisiert Daten und Informationen vom Computersystem des aufrufenden Rechners.<\/p><p>Folgende Daten werden hierbei erhoben:<\/p><p>(1) Informationen \u00fcber den Browsertyp und die verwendete Version<br \/>(2) Datum und Uhrzeit des Zugriffs<br \/>(3) Die IP-Adresse des Nutzers<\/p><p>Die Daten werden ebenfalls in den Logfiles unseres Systems gespeichert. Nicht hiervon betroffen sind die IP-Adressen des Nutzers oder andere Daten, die die Zuordnung der Daten zu einem Nutzer erm\u00f6glichen. Eine Speicherung dieser Daten zusammen mit anderen personenbezogenen Daten des Nutzers findet nicht statt.<\/p><p>5. Rechtsgrundlage f\u00fcr die Datenverarbeitung <br \/>Rechtsgrundlage f\u00fcr die vor\u00fcbergehende Speicherung der Daten ist Art. 6 Abs. 1 lit. f DSGVO.<\/p><p>6. Zweck der Datenverarbeitung<br \/>Die vor\u00fcbergehende Speicherung der IP-Adresse durch das System ist notwendig, um eine Auslieferung der Website an den Rechner des Nutzers zu erm\u00f6glichen. Hierf\u00fcr muss die IP-Adresse des Nutzers f\u00fcr die Dauer der Sitzung gespeichert bleiben.<\/p><p>In diesen Zwecken liegt auch unser berechtigtes Interesse an der Datenverarbeitung nach Art. 6 Abs. 1 lit. f DSGVO.<\/p><p>7. Dauer der Speicherung<br \/>Die Daten werden gel\u00f6scht, sobald sie f\u00fcr die Erreichung des Zweckes ihrer Erhebung nicht mehr erforderlich sind. Im Falle der Erfassung der Daten zur Bereitstellung der Website ist dies der Fall, wenn die jeweilige Sitzung beendet ist.<\/p><p>8. Widerspruchs- und Beseitigungsm\u00f6glichkeit<br \/>Die Erfassung der Daten zur Bereitstellung der Website und die Speicherung der Daten in Logfiles ist f\u00fcr den Betrieb der Internetseite zwingend erforderlich. Es besteht folglich seitens des Nutzers keine Widerspruchsm\u00f6glichkeit.<\/p><p>V. Verwendung von Cookies<\/p><p>a) Beschreibung und Umfang der Datenverarbeitung<br \/>Unsere Webseite verwendet keine Cookies. Bei Cookies handelt es sich um Textdateien, die im Internetbrowser bzw. vom Internetbrowser auf dem Computersystem des Nutzers gespeichert werden.<\/p><p><a href=\"https:\/\/ahw-wiesloch.de\/ahw\/2022\/wp-content\/uploads\/2025\/11\/Kontaktdatenverwaltung-Art-1314-DSGVO-13-11-2025.pdf\" target=\"_blank\" rel=\"noopener\">Kontaktdatenverwaltung-Art-1314-DSGVO-13-11-2025 (PDF)<\/a><\/p><p><a href=\"https:\/\/ahw-wiesloch.de\/ahw\/2022\/wp-content\/uploads\/2025\/11\/Homepage-AHW-Art-1314-DSGVO-13-11-2025.pdf\" target=\"_blank\" rel=\"noopener\">Homepage-AHW-Art-1314-DSGVO-13-11-2025 (PDF)<\/a><\/p><p><a href=\"https:\/\/ahw-wiesloch.de\/ahw\/2022\/wp-content\/uploads\/2025\/11\/Bewerbermanagement-Art.-13-DSGVO-13-11-2025.pdf\" target=\"_blank\" rel=\"noopener\">Bewerbermanagement-Art.-13-DSGVO-13-11-2025 (PDF)<\/a><\/p>\t\t\t\t\t\t\t\t<\/div>\n\t\t\t\t<\/div>\n\t\t\t\t<div class=\"elementor-element elementor-element-4c239448 elementor-widget elementor-widget-spacer\" data-id=\"4c239448\" data-element_type=\"widget\" data-widget_type=\"spacer.default\">\n\t\t\t\t<div class=\"elementor-widget-container\">\n\t\t\t\t\t\t\t<div class=\"elementor-spacer\">\n\t\t\t<div class=\"elementor-spacer-inner\"><\/div>\n\t\t<\/div>\n\t\t\t\t\t\t<\/div>\n\t\t\t\t<\/div>\n\t\t\t\t<div class=\"elementor-element elementor-element-1d88fa17 elementor-widget elementor-widget-spacer\" data-id=\"1d88fa17\" data-element_type=\"widget\" data-widget_type=\"spacer.default\">\n\t\t\t\t<div class=\"elementor-widget-container\">\n\t\t\t\t\t\t\t<div class=\"elementor-spacer\">\n\t\t\t<div class=\"elementor-spacer-inner\"><\/div>\n\t\t<\/div>\n\t\t\t\t\t\t<\/div>\n\t\t\t\t<\/div>\n\t\t\t\t<div class=\"elementor-element elementor-element-616cb0c9 elementor-widget elementor-widget-image\" data-id=\"616cb0c9\" data-element_type=\"widget\" data-widget_type=\"image.default\">\n\t\t\t\t<div class=\"elementor-widget-container\">\n\t\t\t\t\t\t\t\t\t\t\t\t\t\t\t<img decoding=\"async\" width=\"90\" height=\"15\" src=\"https:\/\/ahw-wiesloch.de\/ahw\/2022\/wp-content\/uploads\/2023\/02\/welle.png\" class=\"attachment-thumbnail size-thumbnail wp-image-1251\" alt=\"\" \/>\t\t\t\t\t\t\t\t\t\t\t\t\t\t\t<\/div>\n\t\t\t\t<\/div>\n\t\t\t\t<div class=\"elementor-element elementor-element-1b08c103 elementor-widget elementor-widget-spacer\" data-id=\"1b08c103\" data-element_type=\"widget\" data-widget_type=\"spacer.default\">\n\t\t\t\t<div class=\"elementor-widget-container\">\n\t\t\t\t\t\t\t<div class=\"elementor-spacer\">\n\t\t\t<div class=\"elementor-spacer-inner\"><\/div>\n\t\t<\/div>\n\t\t\t\t\t\t<\/div>\n\t\t\t\t<\/div>\n\t\t\t\t\t<\/div>\n\t\t<\/div>\n\t\t\t\t\t<\/div>\n\t\t<\/section>\n\t\t\t\t<\/div>\n\t\t","protected":false},"excerpt":{"rendered":"<p>https:\/\/ahw-wiesloch.de\/ahw\/2022\/wp-content\/uploads\/2024\/09\/BR-Datenschutz-17.mp4 Datenschutzerkl\u00e4rung Falls Sie uns \u00fcber diese Webseite pers\u00f6nliche oder gesch\u00e4ftliche Daten zukommen lassen, etwa Ihre Email-Adresse, Ihren Name und Ihre Anschrift (z. B. bei einer Brosch\u00fcrenbestellung), werden wir diese vertraulich behandeln und sie allein zum Zweck der Beantwortung Ihrer Anfrage speichern. Eine Weitergabe der Daten an Dritte erfolgt nicht. Der AHW verarbeitet personenbezogene Daten [&hellip;]<\/p>\n","protected":false},"author":1,"featured_media":0,"parent":0,"menu_order":0,"comment_status":"closed","ping_status":"closed","template":"","meta":{"footnotes":""},"class_list":["post-3926","page","type-page","status-publish","hentry"],"_links":{"self":[{"href":"https:\/\/ahw-wiesloch.de\/ahw\/2022\/wp-json\/wp\/v2\/pages\/3926","targetHints":{"allow":["GET"]}}],"collection":[{"href":"https:\/\/ahw-wiesloch.de\/ahw\/2022\/wp-json\/wp\/v2\/pages"}],"about":[{"href":"https:\/\/ahw-wiesloch.de\/ahw\/2022\/wp-json\/wp\/v2\/types\/page"}],"author":[{"embeddable":true,"href":"https:\/\/ahw-wiesloch.de\/ahw\/2022\/wp-json\/wp\/v2\/users\/1"}],"replies":[{"embeddable":true,"href":"https:\/\/ahw-wiesloch.de\/ahw\/2022\/wp-json\/wp\/v2\/comments?post=3926"}],"version-history":[{"count":22,"href":"https:\/\/ahw-wiesloch.de\/ahw\/2022\/wp-json\/wp\/v2\/pages\/3926\/revisions"}],"predecessor-version":[{"id":6054,"href":"https:\/\/ahw-wiesloch.de\/ahw\/2022\/wp-json\/wp\/v2\/pages\/3926\/revisions\/6054"}],"wp:attachment":[{"href":"https:\/\/ahw-wiesloch.de\/ahw\/2022\/wp-json\/wp\/v2\/media?parent=3926"}],"curies":[{"name":"wp","href":"https:\/\/api.w.org\/{rel}","templated":true}]}}